{"id":75,"date":"2025-11-28T20:42:36","date_gmt":"2025-11-28T20:42:36","guid":{"rendered":"https:\/\/ani-milo.fr\/?page_id=75"},"modified":"2026-01-07T15:30:32","modified_gmt":"2026-01-07T15:30:32","slug":"animation","status":"publish","type":"page","link":"https:\/\/ani-milo.fr\/?page_id=75","title":{"rendered":"Animation"},"content":{"rendered":"\t\t<div data-elementor-type=\"wp-page\" data-elementor-id=\"75\" class=\"elementor elementor-75\">\n\t\t\t\t<div class=\"elementor-element elementor-element-1bd5ef8 e-flex e-con-boxed wpr-particle-no wpr-jarallax-no wpr-parallax-no wpr-sticky-section-no e-con e-parent\" data-id=\"1bd5ef8\" data-element_type=\"container\">\n\t\t\t\t\t<div class=\"e-con-inner\">\n\t\t\t\t<div class=\"elementor-element elementor-element-91d45d3 elementor-widget elementor-widget-text-editor\" data-id=\"91d45d3\" data-element_type=\"widget\" data-widget_type=\"text-editor.default\">\n\t\t\t\t\t\t\t\t\t<p><span style=\"color: #141414; font-family: 'Albert Sans', sans-serif; text-align: center;\">Animations en tout genre dans des lieux publics et\/ou priv\u00e9s pour tous : petite enfance, enfance, jeunesse (cr\u00e8ches, MAM, \u00e9coles, ALSH, associations\u2026) &amp; adultes.<\/span><\/p>\t\t\t\t\t\t\t\t<\/div>\n\t\t\t\t\t<\/div>\n\t\t\t\t<\/div>\n\t\t<div class=\"elementor-element elementor-element-a4f215e e-con-full e-flex wpr-particle-no wpr-jarallax-no wpr-parallax-no wpr-sticky-section-no e-con e-parent\" data-id=\"a4f215e\" data-element_type=\"container\">\n\t\t<div class=\"elementor-element elementor-element-3844ab3 e-con-full e-flex wpr-particle-no wpr-jarallax-no wpr-parallax-no wpr-sticky-section-no e-con e-child\" data-id=\"3844ab3\" data-element_type=\"container\">\n\t\t\t\t<div class=\"elementor-element elementor-element-21d01e0 elementor-widget elementor-widget-image\" data-id=\"21d01e0\" data-element_type=\"widget\" data-widget_type=\"image.default\">\n\t\t\t\t\t\t\t\t\t\t\t\t\t\t\t<img fetchpriority=\"high\" decoding=\"async\" width=\"1024\" height=\"585\" src=\"https:\/\/ani-milo.fr\/wp-content\/uploads\/2026\/01\/1-1024x585.webp\" class=\"attachment-large size-large wp-image-394\" alt=\"\" srcset=\"https:\/\/ani-milo.fr\/wp-content\/uploads\/2026\/01\/1-1024x585.webp 1024w, https:\/\/ani-milo.fr\/wp-content\/uploads\/2026\/01\/1-300x171.webp 300w, https:\/\/ani-milo.fr\/wp-content\/uploads\/2026\/01\/1-768x439.webp 768w, https:\/\/ani-milo.fr\/wp-content\/uploads\/2026\/01\/1.webp 1050w\" sizes=\"(max-width: 1024px) 100vw, 1024px\" \/>\t\t\t\t\t\t\t\t\t\t\t\t\t\t\t<\/div>\n\t\t\t\t<div class=\"elementor-element elementor-element-894f8a6 elementor-widget elementor-widget-text-editor\" data-id=\"894f8a6\" data-element_type=\"widget\" data-widget_type=\"text-editor.default\">\n\t\t\t\t\t\t\t\t\t<p style=\"text-align: center;\"><span style=\"color: #19605c;\">Des animations adapt\u00e9es pour les tous petits de 0 \u00e0 3 ans : Activit\u00e9s sensorielles, Lecture anim\u00e9e , R\u00e9veil musculaire , Musique &amp; chant&#8230;<\/span><\/p>\t\t\t\t\t\t\t\t<\/div>\n\t\t\t\t<div class=\"elementor-element elementor-element-742b9d3 elementor-align-center elementor-widget__width-initial elementor-widget elementor-widget-button\" data-id=\"742b9d3\" data-element_type=\"widget\" data-widget_type=\"button.default\">\n\t\t\t\t\t\t\t\t\t\t<a class=\"elementor-button elementor-button-link elementor-size-sm\" href=\"https:\/\/ani-milo.fr\/?page_id=187\">\n\t\t\t\t\t\t<span class=\"elementor-button-content-wrapper\">\n\t\t\t\t\t\t\t\t\t<span class=\"elementor-button-text\">En savoir plus<\/span>\n\t\t\t\t\t<\/span>\n\t\t\t\t\t<\/a>\n\t\t\t\t\t\t\t\t<\/div>\n\t\t\t\t<\/div>\n\t\t<div class=\"elementor-element elementor-element-6c2a586 e-con-full e-flex wpr-particle-no wpr-jarallax-no wpr-parallax-no wpr-sticky-section-no e-con e-child\" data-id=\"6c2a586\" data-element_type=\"container\">\n\t\t\t\t<\/div>\n\t\t\t\t<\/div>\n\t\t<div class=\"elementor-element elementor-element-586cbb0 e-flex e-con-boxed wpr-particle-no wpr-jarallax-no wpr-parallax-no wpr-sticky-section-no e-con e-parent\" data-id=\"586cbb0\" data-element_type=\"container\">\n\t\t\t\t\t<div class=\"e-con-inner\">\n\t\t<div class=\"elementor-element elementor-element-ff7ba88 e-con-full e-flex wpr-particle-no wpr-jarallax-no wpr-parallax-no wpr-sticky-section-no e-con e-child\" data-id=\"ff7ba88\" data-element_type=\"container\">\n\t\t\t\t<\/div>\n\t\t<div class=\"elementor-element elementor-element-3539163 e-con-full e-flex wpr-particle-no wpr-jarallax-no wpr-parallax-no wpr-sticky-section-no e-con e-child\" data-id=\"3539163\" data-element_type=\"container\">\n\t\t\t\t<div class=\"elementor-element elementor-element-e97c6d0 elementor-widget elementor-widget-image\" data-id=\"e97c6d0\" data-element_type=\"widget\" data-widget_type=\"image.default\">\n\t\t\t\t\t\t\t\t\t\t\t\t\t\t\t<img decoding=\"async\" width=\"1024\" height=\"585\" src=\"https:\/\/ani-milo.fr\/wp-content\/uploads\/2026\/01\/2-1024x585.png\" class=\"attachment-large size-large wp-image-393\" alt=\"\" srcset=\"https:\/\/ani-milo.fr\/wp-content\/uploads\/2026\/01\/2-1024x585.png 1024w, https:\/\/ani-milo.fr\/wp-content\/uploads\/2026\/01\/2-300x171.png 300w, https:\/\/ani-milo.fr\/wp-content\/uploads\/2026\/01\/2-768x439.png 768w, https:\/\/ani-milo.fr\/wp-content\/uploads\/2026\/01\/2.png 1050w\" sizes=\"(max-width: 1024px) 100vw, 1024px\" \/>\t\t\t\t\t\t\t\t\t\t\t\t\t\t\t<\/div>\n\t\t\t\t<div class=\"elementor-element elementor-element-780f942 elementor-widget elementor-widget-text-editor\" data-id=\"780f942\" data-element_type=\"widget\" data-widget_type=\"text-editor.default\">\n\t\t\t\t\t\t\t\t\t<p style=\"text-align: center;\"><span style=\"color: #19605c;\">Des animations diverses pour les 3 \u00e0 11 ans : Activit\u00e9s sensorielles, Lecture, Multi-activit\u00e9s : manuelles, jeux sportifs&#8230;, Basket, Danse, Th\u00e9\u00e2tre, Spectacles, Montage vid\u00e9o, Gazette, D\u00e9couvertes de nouveaux jeux de soci\u00e9t\u00e9, l&rsquo; Espagnol&#8230;<\/span><\/p>\t\t\t\t\t\t\t\t<\/div>\n\t\t\t\t<div class=\"elementor-element elementor-element-9e935db elementor-align-center elementor-widget__width-initial elementor-widget elementor-widget-button\" data-id=\"9e935db\" data-element_type=\"widget\" data-widget_type=\"button.default\">\n\t\t\t\t\t\t\t\t\t\t<a class=\"elementor-button elementor-button-link elementor-size-sm\" href=\"https:\/\/ani-milo.fr\/?page_id=190\">\n\t\t\t\t\t\t<span class=\"elementor-button-content-wrapper\">\n\t\t\t\t\t\t\t\t\t<span class=\"elementor-button-text\">En savoir plus<\/span>\n\t\t\t\t\t<\/span>\n\t\t\t\t\t<\/a>\n\t\t\t\t\t\t\t\t<\/div>\n\t\t\t\t<\/div>\n\t\t\t\t\t<\/div>\n\t\t\t\t<\/div>\n\t\t<div class=\"elementor-element elementor-element-7d39407 e-flex e-con-boxed wpr-particle-no wpr-jarallax-no wpr-parallax-no wpr-sticky-section-no e-con e-parent\" data-id=\"7d39407\" data-element_type=\"container\">\n\t\t\t\t\t<div class=\"e-con-inner\">\n\t\t<div class=\"elementor-element elementor-element-e7b0962 e-con-full e-flex wpr-particle-no wpr-jarallax-no wpr-parallax-no wpr-sticky-section-no e-con e-child\" data-id=\"e7b0962\" data-element_type=\"container\">\n\t\t\t\t<div class=\"elementor-element elementor-element-454051b elementor-widget elementor-widget-image\" data-id=\"454051b\" data-element_type=\"widget\" data-widget_type=\"image.default\">\n\t\t\t\t\t\t\t\t\t\t\t\t\t\t\t<img decoding=\"async\" width=\"1024\" height=\"585\" src=\"https:\/\/ani-milo.fr\/wp-content\/uploads\/2026\/01\/3-1024x585.webp\" class=\"attachment-large size-large wp-image-392\" alt=\"\" srcset=\"https:\/\/ani-milo.fr\/wp-content\/uploads\/2026\/01\/3-1024x585.webp 1024w, https:\/\/ani-milo.fr\/wp-content\/uploads\/2026\/01\/3-300x171.webp 300w, https:\/\/ani-milo.fr\/wp-content\/uploads\/2026\/01\/3-768x439.webp 768w, https:\/\/ani-milo.fr\/wp-content\/uploads\/2026\/01\/3.webp 1050w\" sizes=\"(max-width: 1024px) 100vw, 1024px\" \/>\t\t\t\t\t\t\t\t\t\t\t\t\t\t\t<\/div>\n\t\t\t\t<div class=\"elementor-element elementor-element-535bc8e elementor-widget elementor-widget-text-editor\" data-id=\"535bc8e\" data-element_type=\"widget\" data-widget_type=\"text-editor.default\">\n\t\t\t\t\t\t\t\t\t<p style=\"text-align: center;\"><span style=\"color: #19605c;\">Des projets pour les jeunes de 11 \u00e0 17 ans :\u00a0<\/span><span style=\"color: #19605c;\">Lecture interg\u00e9n\u00e9rationnelle ,\u00a0<\/span><span style=\"color: #19605c;\">D\u00e9couverte de nouveaux jeux de soci\u00e9t\u00e9, <\/span><span style=\"color: #19605c;\">Art\/Peinture, <\/span><span style=\"color: #19605c;\">Projets : Montage vid\u00e9o, Th\u00e9\u00e2tre<\/span><\/p>\t\t\t\t\t\t\t\t<\/div>\n\t\t\t\t<div class=\"elementor-element elementor-element-99a4606 elementor-align-center elementor-widget__width-initial elementor-widget elementor-widget-button\" data-id=\"99a4606\" data-element_type=\"widget\" data-widget_type=\"button.default\">\n\t\t\t\t\t\t\t\t\t\t<a class=\"elementor-button elementor-button-link elementor-size-sm\" href=\"https:\/\/ani-milo.fr\/?page_id=193\">\n\t\t\t\t\t\t<span class=\"elementor-button-content-wrapper\">\n\t\t\t\t\t\t\t\t\t<span class=\"elementor-button-text\">En savoir plus<\/span>\n\t\t\t\t\t<\/span>\n\t\t\t\t\t<\/a>\n\t\t\t\t\t\t\t\t<\/div>\n\t\t\t\t<\/div>\n\t\t<div class=\"elementor-element elementor-element-559b062 e-con-full e-flex wpr-particle-no wpr-jarallax-no wpr-parallax-no wpr-sticky-section-no e-con e-child\" data-id=\"559b062\" data-element_type=\"container\">\n\t\t\t\t<\/div>\n\t\t\t\t\t<\/div>\n\t\t\t\t<\/div>\n\t\t<div class=\"elementor-element elementor-element-88cfbc9 e-flex e-con-boxed wpr-particle-no wpr-jarallax-no wpr-parallax-no wpr-sticky-section-no e-con e-parent\" data-id=\"88cfbc9\" data-element_type=\"container\">\n\t\t\t\t\t<div class=\"e-con-inner\">\n\t\t<div class=\"elementor-element elementor-element-0cd261c e-con-full e-flex wpr-particle-no wpr-jarallax-no wpr-parallax-no wpr-sticky-section-no e-con e-child\" data-id=\"0cd261c\" data-element_type=\"container\">\n\t\t\t\t<\/div>\n\t\t<div class=\"elementor-element elementor-element-e7e01b5 e-con-full e-flex wpr-particle-no wpr-jarallax-no wpr-parallax-no wpr-sticky-section-no e-con e-child\" data-id=\"e7e01b5\" data-element_type=\"container\">\n\t\t\t\t<div class=\"elementor-element elementor-element-00f8fa5 elementor-widget__width-initial elementor-widget elementor-widget-image\" data-id=\"00f8fa5\" data-element_type=\"widget\" data-widget_type=\"image.default\">\n\t\t\t\t\t\t\t\t\t\t\t\t\t\t\t<img loading=\"lazy\" decoding=\"async\" width=\"1024\" height=\"585\" src=\"https:\/\/ani-milo.fr\/wp-content\/uploads\/2026\/01\/4-1024x585.webp\" class=\"attachment-large size-large wp-image-391\" alt=\"\" srcset=\"https:\/\/ani-milo.fr\/wp-content\/uploads\/2026\/01\/4-1024x585.webp 1024w, https:\/\/ani-milo.fr\/wp-content\/uploads\/2026\/01\/4-300x171.webp 300w, https:\/\/ani-milo.fr\/wp-content\/uploads\/2026\/01\/4-768x439.webp 768w, https:\/\/ani-milo.fr\/wp-content\/uploads\/2026\/01\/4.webp 1050w\" sizes=\"(max-width: 1024px) 100vw, 1024px\" \/>\t\t\t\t\t\t\t\t\t\t\t\t\t\t\t<\/div>\n\t\t\t\t<div class=\"elementor-element elementor-element-40e8093 elementor-widget elementor-widget-text-editor\" data-id=\"40e8093\" data-element_type=\"widget\" data-widget_type=\"text-editor.default\">\n\t\t\t\t\t\t\t\t\t<p style=\"text-align: center;\"><span style=\"color: #19605c;\">Instant jeux de soci\u00e9t\u00e9,\u00a0Maquillage, Soir\u00e9e \u00e0 th\u00e8me (Halloween, Harry Potter, Disney, Ann\u00e9es 80\/90, Western, Pirates, Disney et bien d&rsquo;autres&#8230;) : Quizz, jeux, d\u00e9corations&#8230;<\/span><\/p>\t\t\t\t\t\t\t\t<\/div>\n\t\t\t\t<div class=\"elementor-element elementor-element-a53cb8c elementor-align-center elementor-widget__width-initial elementor-widget elementor-widget-button\" data-id=\"a53cb8c\" data-element_type=\"widget\" data-widget_type=\"button.default\">\n\t\t\t\t\t\t\t\t\t\t<a class=\"elementor-button elementor-button-link elementor-size-sm\" href=\"https:\/\/ani-milo.fr\/?page_id=196\">\n\t\t\t\t\t\t<span class=\"elementor-button-content-wrapper\">\n\t\t\t\t\t\t\t\t\t<span class=\"elementor-button-text\">En savoir plus<\/span>\n\t\t\t\t\t<\/span>\n\t\t\t\t\t<\/a>\n\t\t\t\t\t\t\t\t<\/div>\n\t\t\t\t<\/div>\n\t\t\t\t\t<\/div>\n\t\t\t\t<\/div>\n\t\t\t\t<\/div>\n\t\t","protected":false},"excerpt":{"rendered":"<p>Animations en tout genre dans des lieux publics et\/ou priv\u00e9s pour tous : petite enfance, enfance, jeunesse (cr\u00e8ches, MAM, \u00e9coles, ALSH, associations\u2026) &amp; adultes. Des animations adapt\u00e9es pour les tous petits de 0 \u00e0 3 ans : Activit\u00e9s sensorielles, Lecture anim\u00e9e , R\u00e9veil musculaire , Musique &amp; chant&#8230; En savoir plus Des animations diverses pour les 3 \u00e0 11 ans : Activit\u00e9s sensorielles, Lecture, Multi-activit\u00e9s : manuelles, jeux sportifs&#8230;, Basket, Danse, Th\u00e9\u00e2tre, Spectacles, Montage vid\u00e9o, Gazette, D\u00e9couvertes de nouveaux jeux de soci\u00e9t\u00e9, l&rsquo; Espagnol&#8230; En savoir plus Des projets pour les jeunes de 11 \u00e0 17 ans :\u00a0Lecture interg\u00e9n\u00e9rationnelle ,\u00a0D\u00e9couverte de nouveaux jeux de soci\u00e9t\u00e9, Art\/Peinture, Projets : Montage vid\u00e9o, Th\u00e9\u00e2tre En savoir plus Instant jeux de soci\u00e9t\u00e9,\u00a0Maquillage, Soir\u00e9e \u00e0 th\u00e8me (Halloween, Harry Potter, Disney, Ann\u00e9es 80\/90, Western, Pirates, Disney et bien d&rsquo;autres&#8230;) : Quizz, jeux, d\u00e9corations&#8230; En savoir plus<\/p>\n","protected":false},"author":1,"featured_media":0,"parent":0,"menu_order":0,"comment_status":"closed","ping_status":"closed","template":"","meta":{"footnotes":""},"class_list":["post-75","page","type-page","status-publish","hentry"],"yoast_head":"<!-- This site is optimized with the Yoast SEO plugin v26.7 - https:\/\/yoast.com\/wordpress\/plugins\/seo\/ -->\n<title>Animation - Ani&#039;Milo<\/title>\n<meta name=\"robots\" content=\"noindex, follow\" \/>\n<meta property=\"og:locale\" content=\"fr_FR\" \/>\n<meta property=\"og:type\" content=\"article\" \/>\n<meta property=\"og:title\" content=\"Animation - Ani&#039;Milo\" \/>\n<meta property=\"og:description\" content=\"Animations en tout genre dans des lieux publics et\/ou priv\u00e9s pour tous : petite enfance, enfance, jeunesse (cr\u00e8ches, MAM, \u00e9coles, ALSH, associations\u2026) &amp; adultes. Des animations adapt\u00e9es pour les tous petits de 0 \u00e0 3 ans : Activit\u00e9s sensorielles, Lecture anim\u00e9e , R\u00e9veil musculaire , Musique &amp; chant&#8230; En savoir plus Des animations diverses pour les 3 \u00e0 11 ans : Activit\u00e9s sensorielles, Lecture, Multi-activit\u00e9s : manuelles, jeux sportifs&#8230;, Basket, Danse, Th\u00e9\u00e2tre, Spectacles, Montage vid\u00e9o, Gazette, D\u00e9couvertes de nouveaux jeux de soci\u00e9t\u00e9, l&rsquo; Espagnol&#8230; En savoir plus Des projets pour les jeunes de 11 \u00e0 17 ans :\u00a0Lecture interg\u00e9n\u00e9rationnelle ,\u00a0D\u00e9couverte de nouveaux jeux de soci\u00e9t\u00e9, Art\/Peinture, Projets : Montage vid\u00e9o, Th\u00e9\u00e2tre En savoir plus Instant jeux de soci\u00e9t\u00e9,\u00a0Maquillage, Soir\u00e9e \u00e0 th\u00e8me (Halloween, Harry Potter, Disney, Ann\u00e9es 80\/90, Western, Pirates, Disney et bien d&rsquo;autres&#8230;) : Quizz, jeux, d\u00e9corations&#8230; En savoir plus\" \/>\n<meta property=\"og:url\" content=\"https:\/\/ani-milo.fr\/?page_id=75\" \/>\n<meta property=\"og:site_name\" content=\"Ani&#039;Milo\" \/>\n<meta property=\"article:publisher\" content=\"https:\/\/www.facebook.com\/profile.php?id=61584474655352\" \/>\n<meta property=\"article:modified_time\" content=\"2026-01-07T15:30:32+00:00\" \/>\n<meta property=\"og:image\" content=\"http:\/\/ani-milo.fr\/wp-content\/uploads\/2026\/01\/1-1024x585.webp\" \/>\n<meta name=\"twitter:card\" content=\"summary_large_image\" \/>\n<meta name=\"twitter:label1\" content=\"Dur\u00e9e de lecture estim\u00e9e\" \/>\n\t<meta name=\"twitter:data1\" content=\"1 minute\" \/>\n<script type=\"application\/ld+json\" class=\"yoast-schema-graph\">{\"@context\":\"https:\/\/schema.org\",\"@graph\":[{\"@type\":\"WebPage\",\"@id\":\"https:\/\/ani-milo.fr\/?page_id=75\",\"url\":\"https:\/\/ani-milo.fr\/?page_id=75\",\"name\":\"Animation - Ani&#039;Milo\",\"isPartOf\":{\"@id\":\"https:\/\/ani-milo.fr\/#website\"},\"primaryImageOfPage\":{\"@id\":\"https:\/\/ani-milo.fr\/?page_id=75#primaryimage\"},\"image\":{\"@id\":\"https:\/\/ani-milo.fr\/?page_id=75#primaryimage\"},\"thumbnailUrl\":\"http:\/\/ani-milo.fr\/wp-content\/uploads\/2026\/01\/1-1024x585.webp\",\"datePublished\":\"2025-11-28T20:42:36+00:00\",\"dateModified\":\"2026-01-07T15:30:32+00:00\",\"breadcrumb\":{\"@id\":\"https:\/\/ani-milo.fr\/?page_id=75#breadcrumb\"},\"inLanguage\":\"fr-FR\",\"potentialAction\":[{\"@type\":\"ReadAction\",\"target\":[\"https:\/\/ani-milo.fr\/?page_id=75\"]}]},{\"@type\":\"ImageObject\",\"inLanguage\":\"fr-FR\",\"@id\":\"https:\/\/ani-milo.fr\/?page_id=75#primaryimage\",\"url\":\"http:\/\/ani-milo.fr\/wp-content\/uploads\/2026\/01\/1-1024x585.webp\",\"contentUrl\":\"http:\/\/ani-milo.fr\/wp-content\/uploads\/2026\/01\/1-1024x585.webp\"},{\"@type\":\"BreadcrumbList\",\"@id\":\"https:\/\/ani-milo.fr\/?page_id=75#breadcrumb\",\"itemListElement\":[{\"@type\":\"ListItem\",\"position\":1,\"name\":\"Accueil\",\"item\":\"https:\/\/ani-milo.fr\/\"},{\"@type\":\"ListItem\",\"position\":2,\"name\":\"Animation\"}]},{\"@type\":\"WebSite\",\"@id\":\"https:\/\/ani-milo.fr\/#website\",\"url\":\"https:\/\/ani-milo.fr\/\",\"name\":\"Ani'Milo\",\"description\":\"Animez vos vies, l\u2019animation avec passion !\",\"publisher\":{\"@id\":\"https:\/\/ani-milo.fr\/#organization\"},\"potentialAction\":[{\"@type\":\"SearchAction\",\"target\":{\"@type\":\"EntryPoint\",\"urlTemplate\":\"https:\/\/ani-milo.fr\/?s={search_term_string}\"},\"query-input\":{\"@type\":\"PropertyValueSpecification\",\"valueRequired\":true,\"valueName\":\"search_term_string\"}}],\"inLanguage\":\"fr-FR\"},{\"@type\":\"Organization\",\"@id\":\"https:\/\/ani-milo.fr\/#organization\",\"name\":\"Ani'Milo\",\"url\":\"https:\/\/ani-milo.fr\/\",\"logo\":{\"@type\":\"ImageObject\",\"inLanguage\":\"fr-FR\",\"@id\":\"https:\/\/ani-milo.fr\/#\/schema\/logo\/image\/\",\"url\":\"https:\/\/ani-milo.fr\/wp-content\/uploads\/2025\/11\/WhatsApp-Image-2025-11-27-a-23.23.31_f89f2f15-1.jpg\",\"contentUrl\":\"https:\/\/ani-milo.fr\/wp-content\/uploads\/2025\/11\/WhatsApp-Image-2025-11-27-a-23.23.31_f89f2f15-1.jpg\",\"width\":500,\"height\":500,\"caption\":\"Ani'Milo\"},\"image\":{\"@id\":\"https:\/\/ani-milo.fr\/#\/schema\/logo\/image\/\"},\"sameAs\":[\"https:\/\/www.facebook.com\/profile.php?id=61584474655352\"]}]}<\/script>\n<!-- \/ Yoast SEO plugin. -->","yoast_head_json":{"title":"Animation - Ani&#039;Milo","robots":{"index":"noindex","follow":"follow"},"og_locale":"fr_FR","og_type":"article","og_title":"Animation - Ani&#039;Milo","og_description":"Animations en tout genre dans des lieux publics et\/ou priv\u00e9s pour tous : petite enfance, enfance, jeunesse (cr\u00e8ches, MAM, \u00e9coles, ALSH, associations\u2026) &amp; adultes. Des animations adapt\u00e9es pour les tous petits de 0 \u00e0 3 ans : Activit\u00e9s sensorielles, Lecture anim\u00e9e , R\u00e9veil musculaire , Musique &amp; chant&#8230; En savoir plus Des animations diverses pour les 3 \u00e0 11 ans : Activit\u00e9s sensorielles, Lecture, Multi-activit\u00e9s : manuelles, jeux sportifs&#8230;, Basket, Danse, Th\u00e9\u00e2tre, Spectacles, Montage vid\u00e9o, Gazette, D\u00e9couvertes de nouveaux jeux de soci\u00e9t\u00e9, l&rsquo; Espagnol&#8230; En savoir plus Des projets pour les jeunes de 11 \u00e0 17 ans :\u00a0Lecture interg\u00e9n\u00e9rationnelle ,\u00a0D\u00e9couverte de nouveaux jeux de soci\u00e9t\u00e9, Art\/Peinture, Projets : Montage vid\u00e9o, Th\u00e9\u00e2tre En savoir plus Instant jeux de soci\u00e9t\u00e9,\u00a0Maquillage, Soir\u00e9e \u00e0 th\u00e8me (Halloween, Harry Potter, Disney, Ann\u00e9es 80\/90, Western, Pirates, Disney et bien d&rsquo;autres&#8230;) : Quizz, jeux, d\u00e9corations&#8230; En savoir plus","og_url":"https:\/\/ani-milo.fr\/?page_id=75","og_site_name":"Ani&#039;Milo","article_publisher":"https:\/\/www.facebook.com\/profile.php?id=61584474655352","article_modified_time":"2026-01-07T15:30:32+00:00","og_image":[{"url":"http:\/\/ani-milo.fr\/wp-content\/uploads\/2026\/01\/1-1024x585.webp","type":"","width":"","height":""}],"twitter_card":"summary_large_image","twitter_misc":{"Dur\u00e9e de lecture estim\u00e9e":"1 minute"},"schema":{"@context":"https:\/\/schema.org","@graph":[{"@type":"WebPage","@id":"https:\/\/ani-milo.fr\/?page_id=75","url":"https:\/\/ani-milo.fr\/?page_id=75","name":"Animation - Ani&#039;Milo","isPartOf":{"@id":"https:\/\/ani-milo.fr\/#website"},"primaryImageOfPage":{"@id":"https:\/\/ani-milo.fr\/?page_id=75#primaryimage"},"image":{"@id":"https:\/\/ani-milo.fr\/?page_id=75#primaryimage"},"thumbnailUrl":"http:\/\/ani-milo.fr\/wp-content\/uploads\/2026\/01\/1-1024x585.webp","datePublished":"2025-11-28T20:42:36+00:00","dateModified":"2026-01-07T15:30:32+00:00","breadcrumb":{"@id":"https:\/\/ani-milo.fr\/?page_id=75#breadcrumb"},"inLanguage":"fr-FR","potentialAction":[{"@type":"ReadAction","target":["https:\/\/ani-milo.fr\/?page_id=75"]}]},{"@type":"ImageObject","inLanguage":"fr-FR","@id":"https:\/\/ani-milo.fr\/?page_id=75#primaryimage","url":"http:\/\/ani-milo.fr\/wp-content\/uploads\/2026\/01\/1-1024x585.webp","contentUrl":"http:\/\/ani-milo.fr\/wp-content\/uploads\/2026\/01\/1-1024x585.webp"},{"@type":"BreadcrumbList","@id":"https:\/\/ani-milo.fr\/?page_id=75#breadcrumb","itemListElement":[{"@type":"ListItem","position":1,"name":"Accueil","item":"https:\/\/ani-milo.fr\/"},{"@type":"ListItem","position":2,"name":"Animation"}]},{"@type":"WebSite","@id":"https:\/\/ani-milo.fr\/#website","url":"https:\/\/ani-milo.fr\/","name":"Ani'Milo","description":"Animez vos vies, l\u2019animation avec passion !","publisher":{"@id":"https:\/\/ani-milo.fr\/#organization"},"potentialAction":[{"@type":"SearchAction","target":{"@type":"EntryPoint","urlTemplate":"https:\/\/ani-milo.fr\/?s={search_term_string}"},"query-input":{"@type":"PropertyValueSpecification","valueRequired":true,"valueName":"search_term_string"}}],"inLanguage":"fr-FR"},{"@type":"Organization","@id":"https:\/\/ani-milo.fr\/#organization","name":"Ani'Milo","url":"https:\/\/ani-milo.fr\/","logo":{"@type":"ImageObject","inLanguage":"fr-FR","@id":"https:\/\/ani-milo.fr\/#\/schema\/logo\/image\/","url":"https:\/\/ani-milo.fr\/wp-content\/uploads\/2025\/11\/WhatsApp-Image-2025-11-27-a-23.23.31_f89f2f15-1.jpg","contentUrl":"https:\/\/ani-milo.fr\/wp-content\/uploads\/2025\/11\/WhatsApp-Image-2025-11-27-a-23.23.31_f89f2f15-1.jpg","width":500,"height":500,"caption":"Ani'Milo"},"image":{"@id":"https:\/\/ani-milo.fr\/#\/schema\/logo\/image\/"},"sameAs":["https:\/\/www.facebook.com\/profile.php?id=61584474655352"]}]}},"_links":{"self":[{"href":"https:\/\/ani-milo.fr\/index.php?rest_route=\/wp\/v2\/pages\/75","targetHints":{"allow":["GET"]}}],"collection":[{"href":"https:\/\/ani-milo.fr\/index.php?rest_route=\/wp\/v2\/pages"}],"about":[{"href":"https:\/\/ani-milo.fr\/index.php?rest_route=\/wp\/v2\/types\/page"}],"author":[{"embeddable":true,"href":"https:\/\/ani-milo.fr\/index.php?rest_route=\/wp\/v2\/users\/1"}],"replies":[{"embeddable":true,"href":"https:\/\/ani-milo.fr\/index.php?rest_route=%2Fwp%2Fv2%2Fcomments&post=75"}],"version-history":[{"count":25,"href":"https:\/\/ani-milo.fr\/index.php?rest_route=\/wp\/v2\/pages\/75\/revisions"}],"predecessor-version":[{"id":422,"href":"https:\/\/ani-milo.fr\/index.php?rest_route=\/wp\/v2\/pages\/75\/revisions\/422"}],"wp:attachment":[{"href":"https:\/\/ani-milo.fr\/index.php?rest_route=%2Fwp%2Fv2%2Fmedia&parent=75"}],"curies":[{"name":"wp","href":"https:\/\/api.w.org\/{rel}","templated":true}]}}