{"id":31,"date":"2025-11-28T12:21:56","date_gmt":"2025-11-28T12:21:56","guid":{"rendered":"https:\/\/ani-milo.fr\/?page_id=31"},"modified":"2026-01-06T22:43:07","modified_gmt":"2026-01-06T22:43:07","slug":"contact","status":"publish","type":"page","link":"https:\/\/ani-milo.fr\/?page_id=31","title":{"rendered":"Contact"},"content":{"rendered":"\t\t<div data-elementor-type=\"wp-page\" data-elementor-id=\"31\" class=\"elementor elementor-31\">\n\t\t\t\t<div class=\"elementor-element elementor-element-3a66c22 e-con-full e-flex wpr-particle-no wpr-jarallax-no wpr-parallax-no wpr-sticky-section-no e-con e-parent\" data-id=\"3a66c22\" data-element_type=\"container\">\n\t\t\t\t<\/div>\n\t\t<div class=\"elementor-element elementor-element-91c7743 e-flex e-con-boxed wpr-particle-no wpr-jarallax-no wpr-parallax-no wpr-sticky-section-no e-con e-parent\" data-id=\"91c7743\" data-element_type=\"container\">\n\t\t\t\t\t<div class=\"e-con-inner\">\n\t\t<div class=\"elementor-element elementor-element-03ab080 e-con-full e-flex wpr-particle-no wpr-jarallax-no wpr-parallax-no wpr-sticky-section-no e-con e-child\" data-id=\"03ab080\" data-element_type=\"container\">\n\t\t\t\t<div class=\"elementor-element elementor-element-8eede36 elementor-widget__width-initial elementor-widget elementor-widget-wpforms\" data-id=\"8eede36\" data-element_type=\"widget\" data-widget_type=\"wpforms.default\">\n\t\t\t\t<div class=\"elementor-widget-container\">\n\t\t\t\t\t<div class=\"wpforms-container wpforms-container-full wpforms-render-modern\" id=\"wpforms-85\"><form id=\"wpforms-form-85\" class=\"wpforms-validate wpforms-form wpforms-ajax-form\" data-formid=\"85\" method=\"post\" enctype=\"multipart\/form-data\" action=\"\/index.php?rest_route=%2Fwp%2Fv2%2Fpages%2F31\" data-token=\"759d09c4e10e84d872918c89e0e90edb\" data-token-time=\"1775408120\"><noscript class=\"wpforms-error-noscript\">Veuillez activer JavaScript dans votre navigateur pour remplir ce formulaire.<\/noscript><div id=\"wpforms-error-noscript\" style=\"display: none;\">Veuillez activer JavaScript dans votre navigateur pour remplir ce formulaire.<\/div><div class=\"wpforms-field-container\"><div id=\"wpforms-85-field_1-container\" class=\"wpforms-field wpforms-field-name\" data-field-id=\"1\"><fieldset><legend class=\"wpforms-field-label\">Nom complet <span class=\"wpforms-required-label\" aria-hidden=\"true\">*<\/span><\/legend><div class=\"wpforms-field-row wpforms-field-medium\"><div class=\"wpforms-field-row-block wpforms-first wpforms-one-half\"><input type=\"text\" id=\"wpforms-85-field_1\" class=\"wpforms-field-name-first wpforms-field-required\" name=\"wpforms[fields][1][first]\" aria-errormessage=\"wpforms-85-field_1-error\" required><label for=\"wpforms-85-field_1\" class=\"wpforms-field-sublabel after\">Pr\u00e9nom<\/label><\/div><div class=\"wpforms-field-row-block wpforms-one-half\"><input type=\"text\" id=\"wpforms-85-field_1-last\" class=\"wpforms-field-name-last wpforms-field-required\" name=\"wpforms[fields][1][last]\" aria-errormessage=\"wpforms-85-field_1-last-error\" required><label for=\"wpforms-85-field_1-last\" class=\"wpforms-field-sublabel after\">Nom<\/label><\/div><\/div><\/fieldset><\/div>\t\t<div id=\"wpforms-85-field_3-container\"\n\t\t\tclass=\"wpforms-field wpforms-field-text\"\n\t\t\tdata-field-type=\"text\"\n\t\t\tdata-field-id=\"3\"\n\t\t\t>\n\t\t\t<label class=\"wpforms-field-label\" for=\"wpforms-85-field_3\" >Objet demande Nom<\/label>\n\t\t\t<input type=\"text\" id=\"wpforms-85-field_3\" class=\"wpforms-field-medium\" name=\"wpforms[fields][3]\" >\n\t\t<\/div>\n\t\t<div id=\"wpforms-85-field_9-container\" class=\"wpforms-field wpforms-field-text\" data-field-id=\"9\"><label class=\"wpforms-field-label\" for=\"wpforms-85-field_9\">Soci\u00e9t\u00e9<\/label><input type=\"text\" id=\"wpforms-85-field_9\" class=\"wpforms-field-medium\" name=\"wpforms[fields][9]\" aria-errormessage=\"wpforms-85-field_9-error\" ><\/div><div id=\"wpforms-85-field_2-container\" class=\"wpforms-field wpforms-field-email\" data-field-id=\"2\"><label class=\"wpforms-field-label\" for=\"wpforms-85-field_2\">Adresse e-mail <span class=\"wpforms-required-label\" aria-hidden=\"true\">*<\/span><\/label><input type=\"email\" id=\"wpforms-85-field_2\" class=\"wpforms-field-medium wpforms-field-required\" name=\"wpforms[fields][2]\" spellcheck=\"false\" aria-errormessage=\"wpforms-85-field_2-error\" required><\/div><div id=\"wpforms-85-field_7-container\" class=\"wpforms-field wpforms-field-select wpforms-field-select-style-modern\" data-field-id=\"7\"><label class=\"wpforms-field-label\" for=\"wpforms-85-field_7\">Objet de la demande <span class=\"wpforms-required-label\" aria-hidden=\"true\">*<\/span><\/label><select id=\"wpforms-85-field_7\" class=\"wpforms-field-medium wpforms-field-required choicesjs-select\" data-size-class=\"wpforms-field-row wpforms-field-medium\" data-search-enabled=\"\" name=\"wpforms[fields][7]\" required=\"required\"><option value=\"\" class=\"placeholder\" disabled  selected='selected'>--- S\u00e9lectionner un choix ---<\/option><option value=\"Devis\"  class=\"choice-1 depth-1\"  >Devis<\/option><option value=\"Informations\"  class=\"choice-2 depth-1\"  >Informations<\/option><option value=\"Rendez-vous\"  class=\"choice-3 depth-1\"  >Rendez-vous<\/option><\/select><\/div><div id=\"wpforms-85-field_5-container\" class=\"wpforms-field wpforms-field-textarea\" data-field-id=\"5\"><label class=\"wpforms-field-label\" for=\"wpforms-85-field_5\">Votre message de contact <span class=\"wpforms-required-label\" aria-hidden=\"true\">*<\/span><\/label><textarea id=\"wpforms-85-field_5\" class=\"wpforms-field-medium wpforms-field-required\" name=\"wpforms[fields][5]\" aria-errormessage=\"wpforms-85-field_5-error\" required><\/textarea><\/div><script>\n\t\t\t\t( function() {\n\t\t\t\t\tconst style = document.createElement( 'style' );\n\t\t\t\t\tstyle.appendChild( document.createTextNode( '#wpforms-85-field_3-container { position: absolute !important; overflow: hidden !important; display: inline !important; height: 1px !important; width: 1px !important; z-index: -1000 !important; padding: 0 !important; } #wpforms-85-field_3-container input { visibility: hidden; } #wpforms-conversational-form-page #wpforms-85-field_3-container label { counter-increment: none; }' ) );\n\t\t\t\t\tdocument.head.appendChild( style );\n\t\t\t\t\tdocument.currentScript?.remove();\n\t\t\t\t} )();\n\t\t\t<\/script><\/div><!-- .wpforms-field-container --><div class=\"wpforms-submit-container\" ><input type=\"hidden\" name=\"wpforms[id]\" value=\"85\"><input type=\"hidden\" name=\"page_title\" value=\"\"><input type=\"hidden\" name=\"page_url\" value=\"https:\/\/ani-milo.fr\/index.php?rest_route=\/wp\/v2\/pages\/31\"><input type=\"hidden\" name=\"url_referer\" value=\"\"><button type=\"submit\" name=\"wpforms[submit]\" id=\"wpforms-submit-85\" class=\"wpforms-submit\" data-alt-text=\"Envoi...\" data-submit-text=\"Envoyer le formulaire de contact\" aria-live=\"assertive\" value=\"wpforms-submit\">Envoyer le formulaire de contact<\/button><img decoding=\"async\" src=\"https:\/\/ani-milo.fr\/wp-content\/plugins\/wpforms-lite\/assets\/images\/submit-spin.svg\" class=\"wpforms-submit-spinner\" style=\"display: none;\" width=\"26\" height=\"26\" alt=\"Chargement en cours\"><\/div><\/form><\/div>  <!-- .wpforms-container -->\t\t\t\t<\/div>\n\t\t\t\t<\/div>\n\t\t\t\t<\/div>\n\t\t<div class=\"elementor-element elementor-element-630b1df e-con-full e-flex wpr-particle-no wpr-jarallax-no wpr-parallax-no wpr-sticky-section-no e-con e-child\" data-id=\"630b1df\" data-element_type=\"container\">\n\t\t\t\t<div class=\"elementor-element elementor-element-a667420 elementor-widget elementor-widget-image\" data-id=\"a667420\" data-element_type=\"widget\" data-widget_type=\"image.default\">\n\t\t\t\t\t\t\t\t\t\t\t\t\t\t\t<img fetchpriority=\"high\" decoding=\"async\" width=\"512\" height=\"512\" src=\"https:\/\/ani-milo.fr\/wp-content\/uploads\/2025\/11\/cropped-WhatsApp-Image-2025-11-27-a-23.23.31_f89f2f15-1.jpg\" class=\"attachment-large size-large wp-image-212\" alt=\"\" srcset=\"https:\/\/ani-milo.fr\/wp-content\/uploads\/2025\/11\/cropped-WhatsApp-Image-2025-11-27-a-23.23.31_f89f2f15-1.jpg 512w, https:\/\/ani-milo.fr\/wp-content\/uploads\/2025\/11\/cropped-WhatsApp-Image-2025-11-27-a-23.23.31_f89f2f15-1-300x300.jpg 300w, https:\/\/ani-milo.fr\/wp-content\/uploads\/2025\/11\/cropped-WhatsApp-Image-2025-11-27-a-23.23.31_f89f2f15-1-150x150.jpg 150w, https:\/\/ani-milo.fr\/wp-content\/uploads\/2025\/11\/cropped-WhatsApp-Image-2025-11-27-a-23.23.31_f89f2f15-1-270x270.jpg 270w, https:\/\/ani-milo.fr\/wp-content\/uploads\/2025\/11\/cropped-WhatsApp-Image-2025-11-27-a-23.23.31_f89f2f15-1-192x192.jpg 192w, https:\/\/ani-milo.fr\/wp-content\/uploads\/2025\/11\/cropped-WhatsApp-Image-2025-11-27-a-23.23.31_f89f2f15-1-180x180.jpg 180w, https:\/\/ani-milo.fr\/wp-content\/uploads\/2025\/11\/cropped-WhatsApp-Image-2025-11-27-a-23.23.31_f89f2f15-1-32x32.jpg 32w\" sizes=\"(max-width: 512px) 100vw, 512px\" \/>\t\t\t\t\t\t\t\t\t\t\t\t\t\t\t<\/div>\n\t\t\t\t<div class=\"elementor-element elementor-element-a5158a9 elementor-widget elementor-widget-text-editor\" data-id=\"a5158a9\" data-element_type=\"widget\" data-widget_type=\"text-editor.default\">\n\t\t\t\t\t\t\t\t\t<h2 style=\"text-align: center;\"><strong>Service client<\/strong><\/h2>\n<p style=\"text-align: center;\"><strong>Du Lundi au Vendredi<\/strong><\/p>\n<p style=\"text-align: center;\"><strong>9:00 \u2013 18:00<\/strong><\/p>\t\t\t\t\t\t\t\t<\/div>\n\t\t\t\t<\/div>\n\t\t\t\t\t<\/div>\n\t\t\t\t<\/div>\n\t\t<div class=\"elementor-element elementor-element-ac65f98 e-flex e-con-boxed wpr-particle-no wpr-jarallax-no wpr-parallax-no wpr-sticky-section-no e-con e-parent\" data-id=\"ac65f98\" data-element_type=\"container\">\n\t\t\t\t\t<div class=\"e-con-inner\">\n\t\t\t\t\t<\/div>\n\t\t\t\t<\/div>\n\t\t\t\t<\/div>\n\t\t","protected":false},"excerpt":{"rendered":"<p>Veuillez activer JavaScript dans votre navigateur pour remplir ce formulaire.Veuillez activer JavaScript dans votre navigateur pour remplir ce formulaire. Nom complet * Pr\u00e9nomNom Soci\u00e9t\u00e9Adresse e-mail *Objet de la demande *&#8212; S\u00e9lectionner un choix &#8212;DevisInformationsRendez-vousVotre message de contact * Envoyer le formulaire de contact Service client Du Lundi au Vendredi 9:00 \u2013 18:00<\/p>\n","protected":false},"author":1,"featured_media":0,"parent":0,"menu_order":0,"comment_status":"closed","ping_status":"closed","template":"","meta":{"footnotes":""},"class_list":["post-31","page","type-page","status-publish","hentry"],"yoast_head":"<!-- This site is optimized with the Yoast SEO plugin v26.7 - https:\/\/yoast.com\/wordpress\/plugins\/seo\/ -->\n<title>Contact - Ani&#039;Milo<\/title>\n<meta name=\"robots\" content=\"noindex, follow\" \/>\n<meta property=\"og:locale\" content=\"fr_FR\" \/>\n<meta property=\"og:type\" content=\"article\" \/>\n<meta property=\"og:title\" content=\"Contact - Ani&#039;Milo\" \/>\n<meta property=\"og:description\" content=\"Veuillez activer JavaScript dans votre navigateur pour remplir ce formulaire.Veuillez activer JavaScript dans votre navigateur pour remplir ce formulaire. Nom complet * Pr\u00e9nomNom Soci\u00e9t\u00e9Adresse e-mail *Objet de la demande *&#8212; S\u00e9lectionner un choix &#8212;DevisInformationsRendez-vousVotre message de contact * Envoyer le formulaire de contact Service client Du Lundi au Vendredi 9:00 \u2013 18:00\" \/>\n<meta property=\"og:url\" content=\"https:\/\/ani-milo.fr\/?page_id=31\" \/>\n<meta property=\"og:site_name\" content=\"Ani&#039;Milo\" \/>\n<meta property=\"article:publisher\" content=\"https:\/\/www.facebook.com\/profile.php?id=61584474655352\" \/>\n<meta property=\"article:modified_time\" content=\"2026-01-06T22:43:07+00:00\" \/>\n<meta property=\"og:image\" content=\"https:\/\/ani-milo.fr\/wp-content\/plugins\/wpforms-lite\/assets\/images\/submit-spin.svg\" \/>\n<meta name=\"twitter:card\" content=\"summary_large_image\" \/>\n<meta name=\"twitter:label1\" content=\"Dur\u00e9e de lecture estim\u00e9e\" \/>\n\t<meta name=\"twitter:data1\" content=\"1 minute\" \/>\n<script type=\"application\/ld+json\" class=\"yoast-schema-graph\">{\"@context\":\"https:\/\/schema.org\",\"@graph\":[{\"@type\":\"WebPage\",\"@id\":\"https:\/\/ani-milo.fr\/?page_id=31\",\"url\":\"https:\/\/ani-milo.fr\/?page_id=31\",\"name\":\"Contact - Ani&#039;Milo\",\"isPartOf\":{\"@id\":\"https:\/\/ani-milo.fr\/#website\"},\"primaryImageOfPage\":{\"@id\":\"https:\/\/ani-milo.fr\/?page_id=31#primaryimage\"},\"image\":{\"@id\":\"https:\/\/ani-milo.fr\/?page_id=31#primaryimage\"},\"thumbnailUrl\":\"https:\/\/ani-milo.fr\/wp-content\/plugins\/wpforms-lite\/assets\/images\/submit-spin.svg\",\"datePublished\":\"2025-11-28T12:21:56+00:00\",\"dateModified\":\"2026-01-06T22:43:07+00:00\",\"breadcrumb\":{\"@id\":\"https:\/\/ani-milo.fr\/?page_id=31#breadcrumb\"},\"inLanguage\":\"fr-FR\",\"potentialAction\":[{\"@type\":\"ReadAction\",\"target\":[\"https:\/\/ani-milo.fr\/?page_id=31\"]}]},{\"@type\":\"ImageObject\",\"inLanguage\":\"fr-FR\",\"@id\":\"https:\/\/ani-milo.fr\/?page_id=31#primaryimage\",\"url\":\"https:\/\/ani-milo.fr\/wp-content\/plugins\/wpforms-lite\/assets\/images\/submit-spin.svg\",\"contentUrl\":\"https:\/\/ani-milo.fr\/wp-content\/plugins\/wpforms-lite\/assets\/images\/submit-spin.svg\"},{\"@type\":\"BreadcrumbList\",\"@id\":\"https:\/\/ani-milo.fr\/?page_id=31#breadcrumb\",\"itemListElement\":[{\"@type\":\"ListItem\",\"position\":1,\"name\":\"Accueil\",\"item\":\"https:\/\/ani-milo.fr\/\"},{\"@type\":\"ListItem\",\"position\":2,\"name\":\"Contact\"}]},{\"@type\":\"WebSite\",\"@id\":\"https:\/\/ani-milo.fr\/#website\",\"url\":\"https:\/\/ani-milo.fr\/\",\"name\":\"Ani'Milo\",\"description\":\"Animez vos vies, l\u2019animation avec passion !\",\"publisher\":{\"@id\":\"https:\/\/ani-milo.fr\/#organization\"},\"potentialAction\":[{\"@type\":\"SearchAction\",\"target\":{\"@type\":\"EntryPoint\",\"urlTemplate\":\"https:\/\/ani-milo.fr\/?s={search_term_string}\"},\"query-input\":{\"@type\":\"PropertyValueSpecification\",\"valueRequired\":true,\"valueName\":\"search_term_string\"}}],\"inLanguage\":\"fr-FR\"},{\"@type\":\"Organization\",\"@id\":\"https:\/\/ani-milo.fr\/#organization\",\"name\":\"Ani'Milo\",\"url\":\"https:\/\/ani-milo.fr\/\",\"logo\":{\"@type\":\"ImageObject\",\"inLanguage\":\"fr-FR\",\"@id\":\"https:\/\/ani-milo.fr\/#\/schema\/logo\/image\/\",\"url\":\"https:\/\/ani-milo.fr\/wp-content\/uploads\/2025\/11\/WhatsApp-Image-2025-11-27-a-23.23.31_f89f2f15-1.jpg\",\"contentUrl\":\"https:\/\/ani-milo.fr\/wp-content\/uploads\/2025\/11\/WhatsApp-Image-2025-11-27-a-23.23.31_f89f2f15-1.jpg\",\"width\":500,\"height\":500,\"caption\":\"Ani'Milo\"},\"image\":{\"@id\":\"https:\/\/ani-milo.fr\/#\/schema\/logo\/image\/\"},\"sameAs\":[\"https:\/\/www.facebook.com\/profile.php?id=61584474655352\"]}]}<\/script>\n<!-- \/ Yoast SEO plugin. -->","yoast_head_json":{"title":"Contact - Ani&#039;Milo","robots":{"index":"noindex","follow":"follow"},"og_locale":"fr_FR","og_type":"article","og_title":"Contact - Ani&#039;Milo","og_description":"Veuillez activer JavaScript dans votre navigateur pour remplir ce formulaire.Veuillez activer JavaScript dans votre navigateur pour remplir ce formulaire. Nom complet * Pr\u00e9nomNom Soci\u00e9t\u00e9Adresse e-mail *Objet de la demande *&#8212; S\u00e9lectionner un choix &#8212;DevisInformationsRendez-vousVotre message de contact * Envoyer le formulaire de contact Service client Du Lundi au Vendredi 9:00 \u2013 18:00","og_url":"https:\/\/ani-milo.fr\/?page_id=31","og_site_name":"Ani&#039;Milo","article_publisher":"https:\/\/www.facebook.com\/profile.php?id=61584474655352","article_modified_time":"2026-01-06T22:43:07+00:00","og_image":[{"url":"https:\/\/ani-milo.fr\/wp-content\/plugins\/wpforms-lite\/assets\/images\/submit-spin.svg","type":"","width":"","height":""}],"twitter_card":"summary_large_image","twitter_misc":{"Dur\u00e9e de lecture estim\u00e9e":"1 minute"},"schema":{"@context":"https:\/\/schema.org","@graph":[{"@type":"WebPage","@id":"https:\/\/ani-milo.fr\/?page_id=31","url":"https:\/\/ani-milo.fr\/?page_id=31","name":"Contact - Ani&#039;Milo","isPartOf":{"@id":"https:\/\/ani-milo.fr\/#website"},"primaryImageOfPage":{"@id":"https:\/\/ani-milo.fr\/?page_id=31#primaryimage"},"image":{"@id":"https:\/\/ani-milo.fr\/?page_id=31#primaryimage"},"thumbnailUrl":"https:\/\/ani-milo.fr\/wp-content\/plugins\/wpforms-lite\/assets\/images\/submit-spin.svg","datePublished":"2025-11-28T12:21:56+00:00","dateModified":"2026-01-06T22:43:07+00:00","breadcrumb":{"@id":"https:\/\/ani-milo.fr\/?page_id=31#breadcrumb"},"inLanguage":"fr-FR","potentialAction":[{"@type":"ReadAction","target":["https:\/\/ani-milo.fr\/?page_id=31"]}]},{"@type":"ImageObject","inLanguage":"fr-FR","@id":"https:\/\/ani-milo.fr\/?page_id=31#primaryimage","url":"https:\/\/ani-milo.fr\/wp-content\/plugins\/wpforms-lite\/assets\/images\/submit-spin.svg","contentUrl":"https:\/\/ani-milo.fr\/wp-content\/plugins\/wpforms-lite\/assets\/images\/submit-spin.svg"},{"@type":"BreadcrumbList","@id":"https:\/\/ani-milo.fr\/?page_id=31#breadcrumb","itemListElement":[{"@type":"ListItem","position":1,"name":"Accueil","item":"https:\/\/ani-milo.fr\/"},{"@type":"ListItem","position":2,"name":"Contact"}]},{"@type":"WebSite","@id":"https:\/\/ani-milo.fr\/#website","url":"https:\/\/ani-milo.fr\/","name":"Ani'Milo","description":"Animez vos vies, l\u2019animation avec passion !","publisher":{"@id":"https:\/\/ani-milo.fr\/#organization"},"potentialAction":[{"@type":"SearchAction","target":{"@type":"EntryPoint","urlTemplate":"https:\/\/ani-milo.fr\/?s={search_term_string}"},"query-input":{"@type":"PropertyValueSpecification","valueRequired":true,"valueName":"search_term_string"}}],"inLanguage":"fr-FR"},{"@type":"Organization","@id":"https:\/\/ani-milo.fr\/#organization","name":"Ani'Milo","url":"https:\/\/ani-milo.fr\/","logo":{"@type":"ImageObject","inLanguage":"fr-FR","@id":"https:\/\/ani-milo.fr\/#\/schema\/logo\/image\/","url":"https:\/\/ani-milo.fr\/wp-content\/uploads\/2025\/11\/WhatsApp-Image-2025-11-27-a-23.23.31_f89f2f15-1.jpg","contentUrl":"https:\/\/ani-milo.fr\/wp-content\/uploads\/2025\/11\/WhatsApp-Image-2025-11-27-a-23.23.31_f89f2f15-1.jpg","width":500,"height":500,"caption":"Ani'Milo"},"image":{"@id":"https:\/\/ani-milo.fr\/#\/schema\/logo\/image\/"},"sameAs":["https:\/\/www.facebook.com\/profile.php?id=61584474655352"]}]}},"_links":{"self":[{"href":"https:\/\/ani-milo.fr\/index.php?rest_route=\/wp\/v2\/pages\/31","targetHints":{"allow":["GET"]}}],"collection":[{"href":"https:\/\/ani-milo.fr\/index.php?rest_route=\/wp\/v2\/pages"}],"about":[{"href":"https:\/\/ani-milo.fr\/index.php?rest_route=\/wp\/v2\/types\/page"}],"author":[{"embeddable":true,"href":"https:\/\/ani-milo.fr\/index.php?rest_route=\/wp\/v2\/users\/1"}],"replies":[{"embeddable":true,"href":"https:\/\/ani-milo.fr\/index.php?rest_route=%2Fwp%2Fv2%2Fcomments&post=31"}],"version-history":[{"count":44,"href":"https:\/\/ani-milo.fr\/index.php?rest_route=\/wp\/v2\/pages\/31\/revisions"}],"predecessor-version":[{"id":408,"href":"https:\/\/ani-milo.fr\/index.php?rest_route=\/wp\/v2\/pages\/31\/revisions\/408"}],"wp:attachment":[{"href":"https:\/\/ani-milo.fr\/index.php?rest_route=%2Fwp%2Fv2%2Fmedia&parent=31"}],"curies":[{"name":"wp","href":"https:\/\/api.w.org\/{rel}","templated":true}]}}