{"id":162,"date":"2025-11-29T14:18:46","date_gmt":"2025-11-29T14:18:46","guid":{"rendered":"https:\/\/ani-milo.fr\/?page_id=162"},"modified":"2026-01-21T22:45:11","modified_gmt":"2026-01-21T22:45:11","slug":"initiations","status":"publish","type":"page","link":"https:\/\/ani-milo.fr\/?page_id=162","title":{"rendered":"Initiations"},"content":{"rendered":"\t\t<div data-elementor-type=\"wp-page\" data-elementor-id=\"162\" class=\"elementor elementor-162\">\n\t\t\t\t<div class=\"elementor-element elementor-element-b0fc566 e-flex e-con-boxed wpr-particle-no wpr-jarallax-no wpr-parallax-no wpr-sticky-section-no e-con e-parent\" data-id=\"b0fc566\" data-element_type=\"container\">\n\t\t\t\t\t<div class=\"e-con-inner\">\n\t\t<div class=\"elementor-element elementor-element-0e027fd e-con-full e-flex wpr-particle-no wpr-jarallax-no wpr-parallax-no wpr-sticky-section-no e-con e-child\" data-id=\"0e027fd\" data-element_type=\"container\">\n\t\t\t\t<div class=\"elementor-element elementor-element-5576768 elementor-widget elementor-widget-image\" data-id=\"5576768\" data-element_type=\"widget\" data-widget_type=\"image.default\">\n\t\t\t\t\t\t\t\t\t\t\t\t\t\t\t<img fetchpriority=\"high\" decoding=\"async\" width=\"1024\" height=\"585\" src=\"https:\/\/ani-milo.fr\/wp-content\/uploads\/2026\/01\/1-1-1024x585.png\" class=\"attachment-large size-large wp-image-428\" alt=\"\" srcset=\"https:\/\/ani-milo.fr\/wp-content\/uploads\/2026\/01\/1-1-1024x585.png 1024w, https:\/\/ani-milo.fr\/wp-content\/uploads\/2026\/01\/1-1-300x171.png 300w, https:\/\/ani-milo.fr\/wp-content\/uploads\/2026\/01\/1-1-768x439.png 768w, https:\/\/ani-milo.fr\/wp-content\/uploads\/2026\/01\/1-1.png 1050w\" sizes=\"(max-width: 1024px) 100vw, 1024px\" \/>\t\t\t\t\t\t\t\t\t\t\t\t\t\t\t<\/div>\n\t\t\t\t<div class=\"elementor-element elementor-element-a856451 elementor-widget elementor-widget-text-editor\" data-id=\"a856451\" data-element_type=\"widget\" data-widget_type=\"text-editor.default\">\n\t\t\t\t\t\t\t\t\t<p style=\"text-align: center;\"><span style=\"color: #19605c;\">Dur\u00e9e : 10H<\/span><\/p><p style=\"text-align: center;\"><span style=\"color: #19605c;\">D\u00e9couvrir, approfondir, astuces et conseils pour trouver un stage pratique, tout pour r\u00e9ussir !<\/span><\/p>\t\t\t\t\t\t\t\t<\/div>\n\t\t\t\t<div class=\"elementor-element elementor-element-7089ac8 elementor-align-center elementor-widget elementor-widget-button\" data-id=\"7089ac8\" data-element_type=\"widget\" data-widget_type=\"button.default\">\n\t\t\t\t\t\t\t\t\t\t<a class=\"elementor-button elementor-button-link elementor-size-sm\" href=\"https:\/\/ani-milo.fr\/?page_id=169\">\n\t\t\t\t\t\t<span class=\"elementor-button-content-wrapper\">\n\t\t\t\t\t\t\t\t\t<span class=\"elementor-button-text\">En savoir plus<\/span>\n\t\t\t\t\t<\/span>\n\t\t\t\t\t<\/a>\n\t\t\t\t\t\t\t\t<\/div>\n\t\t\t\t<\/div>\n\t\t<div class=\"elementor-element elementor-element-ad8ce81 e-con-full e-flex wpr-particle-no wpr-jarallax-no wpr-parallax-no wpr-sticky-section-no e-con e-child\" data-id=\"ad8ce81\" data-element_type=\"container\">\n\t\t\t\t<div class=\"elementor-element elementor-element-2367052 elementor-widget elementor-widget-image\" data-id=\"2367052\" data-element_type=\"widget\" data-widget_type=\"image.default\">\n\t\t\t\t\t\t\t\t\t\t\t\t\t\t\t<img decoding=\"async\" width=\"1024\" height=\"585\" src=\"https:\/\/ani-milo.fr\/wp-content\/uploads\/2026\/01\/2-1-1024x585.webp\" class=\"attachment-large size-large wp-image-427\" alt=\"\" srcset=\"https:\/\/ani-milo.fr\/wp-content\/uploads\/2026\/01\/2-1-1024x585.webp 1024w, https:\/\/ani-milo.fr\/wp-content\/uploads\/2026\/01\/2-1-300x171.webp 300w, https:\/\/ani-milo.fr\/wp-content\/uploads\/2026\/01\/2-1-768x439.webp 768w, https:\/\/ani-milo.fr\/wp-content\/uploads\/2026\/01\/2-1.webp 1050w\" sizes=\"(max-width: 1024px) 100vw, 1024px\" \/>\t\t\t\t\t\t\t\t\t\t\t\t\t\t\t<\/div>\n\t\t\t\t<div class=\"elementor-element elementor-element-826fb0a elementor-widget elementor-widget-text-editor\" data-id=\"826fb0a\" data-element_type=\"widget\" data-widget_type=\"text-editor.default\">\n\t\t\t\t\t\t\t\t\t<p style=\"text-align: center;\"><span style=\"color: #19605c;\">Dur\u00e9e : 7H <\/span><\/p><p style=\"text-align: center;\"><span style=\"color: #19605c;\">Partages d&rsquo;exp\u00e9riences et contenu enrichissant concernant l&rsquo;accueil sp\u00e9cifique de l&rsquo;Enfant.<\/span><\/p>\t\t\t\t\t\t\t\t<\/div>\n\t\t\t\t<div class=\"elementor-element elementor-element-93dedff elementor-align-center elementor-widget elementor-widget-button\" data-id=\"93dedff\" data-element_type=\"widget\" data-widget_type=\"button.default\">\n\t\t\t\t\t\t\t\t\t\t<a class=\"elementor-button elementor-button-link elementor-size-sm\" href=\"https:\/\/ani-milo.fr\/?page_id=172\">\n\t\t\t\t\t\t<span class=\"elementor-button-content-wrapper\">\n\t\t\t\t\t\t\t\t\t<span class=\"elementor-button-text\">En savoir plus<\/span>\n\t\t\t\t\t<\/span>\n\t\t\t\t\t<\/a>\n\t\t\t\t\t\t\t\t<\/div>\n\t\t\t\t<\/div>\n\t\t<div class=\"elementor-element elementor-element-2974ab6 e-con-full e-flex wpr-particle-no wpr-jarallax-no wpr-parallax-no wpr-sticky-section-no e-con e-child\" data-id=\"2974ab6\" data-element_type=\"container\">\n\t\t\t\t<div class=\"elementor-element elementor-element-933b8ab elementor-widget elementor-widget-image\" data-id=\"933b8ab\" data-element_type=\"widget\" data-widget_type=\"image.default\">\n\t\t\t\t\t\t\t\t\t\t\t\t\t\t\t<img decoding=\"async\" width=\"1024\" height=\"585\" src=\"https:\/\/ani-milo.fr\/wp-content\/uploads\/2026\/01\/3-1-1024x585.webp\" class=\"attachment-large size-large wp-image-426\" alt=\"\" srcset=\"https:\/\/ani-milo.fr\/wp-content\/uploads\/2026\/01\/3-1-1024x585.webp 1024w, https:\/\/ani-milo.fr\/wp-content\/uploads\/2026\/01\/3-1-300x171.webp 300w, https:\/\/ani-milo.fr\/wp-content\/uploads\/2026\/01\/3-1-768x439.webp 768w, https:\/\/ani-milo.fr\/wp-content\/uploads\/2026\/01\/3-1.webp 1050w\" sizes=\"(max-width: 1024px) 100vw, 1024px\" \/>\t\t\t\t\t\t\t\t\t\t\t\t\t\t\t<\/div>\n\t\t\t\t<div class=\"elementor-element elementor-element-5399802 elementor-widget elementor-widget-text-editor\" data-id=\"5399802\" data-element_type=\"widget\" data-widget_type=\"text-editor.default\">\n\t\t\t\t\t\t\t\t\t<p style=\"text-align: center;\"><span style=\"color: #19605c;\">Dur\u00e9e : &#8230;H<\/span><\/p><p style=\"text-align: center;\"><span style=\"color: #19605c;\">\u00a0 \u00a0 \u00a0 \u00a0 \u00a0 \u00a0 Initiation en pr\u00e9paration\u00a0 \u00a0 \u00a0 \u00a0 \u00a0 \u00a0 \u00a0 \u00a0 \u00a0 \u00a0 \u00a0 \u00a0 \u00a0 \u00a0 \u00a0 \u00a0 \u00a0 \u00a0 \u00a0 \u00a0 \u00a0 \u00a0&#8230;\u00a0 \u00a0<\/span>\u00a0 \u00a0 \u00a0 \u00a0 \u00a0 \u00a0 \u00a0 \u00a0 \u00a0 \u00a0 \u00a0 \u00a0 \u00a0 \u00a0 \u00a0 \u00a0 \u00a0 \u00a0<span style=\"color: #19605c;\">Disponible prochainement !<\/span><\/p>\t\t\t\t\t\t\t\t<\/div>\n\t\t\t\t<div class=\"elementor-element elementor-element-29ea61e elementor-align-center elementor-widget elementor-widget-button\" data-id=\"29ea61e\" data-element_type=\"widget\" data-widget_type=\"button.default\">\n\t\t\t\t\t\t\t\t\t\t<a class=\"elementor-button elementor-button-link elementor-size-sm\" href=\"https:\/\/ani-milo.fr\/?page_id=175\">\n\t\t\t\t\t\t<span class=\"elementor-button-content-wrapper\">\n\t\t\t\t\t\t\t\t\t<span class=\"elementor-button-text\">En savoir plus<\/span>\n\t\t\t\t\t<\/span>\n\t\t\t\t\t<\/a>\n\t\t\t\t\t\t\t\t<\/div>\n\t\t\t\t<\/div>\n\t\t<div class=\"elementor-element elementor-element-0500db0 e-con-full e-flex wpr-particle-no wpr-jarallax-no wpr-parallax-no wpr-sticky-section-no e-con e-child\" data-id=\"0500db0\" data-element_type=\"container\">\n\t\t\t\t<div class=\"elementor-element elementor-element-ba8d1e7 elementor-widget elementor-widget-image\" data-id=\"ba8d1e7\" data-element_type=\"widget\" data-widget_type=\"image.default\">\n\t\t\t\t\t\t\t\t\t\t\t\t\t\t\t<img loading=\"lazy\" decoding=\"async\" width=\"1024\" height=\"585\" src=\"https:\/\/ani-milo.fr\/wp-content\/uploads\/2026\/01\/4-1-1024x585.webp\" class=\"attachment-large size-large wp-image-425\" alt=\"\" srcset=\"https:\/\/ani-milo.fr\/wp-content\/uploads\/2026\/01\/4-1-1024x585.webp 1024w, https:\/\/ani-milo.fr\/wp-content\/uploads\/2026\/01\/4-1-300x171.webp 300w, https:\/\/ani-milo.fr\/wp-content\/uploads\/2026\/01\/4-1-768x439.webp 768w, https:\/\/ani-milo.fr\/wp-content\/uploads\/2026\/01\/4-1.webp 1050w\" sizes=\"(max-width: 1024px) 100vw, 1024px\" \/>\t\t\t\t\t\t\t\t\t\t\t\t\t\t\t<\/div>\n\t\t\t\t<div class=\"elementor-element elementor-element-1c5d0cb elementor-widget elementor-widget-text-editor\" data-id=\"1c5d0cb\" data-element_type=\"widget\" data-widget_type=\"text-editor.default\">\n\t\t\t\t\t\t\t\t\t<p style=\"text-align: center;\"><span style=\"color: #19605c;\">Dur\u00e9e : 7H<\/span><\/p><p style=\"text-align: center;\"><span style=\"color: #19605c;\">Mettre \u00e0 profit ses connaissances, mettre en avant son savoir-faire, \u00e9laborer son projet de A \u00e0 Z !<\/span><\/p>\t\t\t\t\t\t\t\t<\/div>\n\t\t\t\t<div class=\"elementor-element elementor-element-39b16bc elementor-align-center elementor-widget elementor-widget-button\" data-id=\"39b16bc\" data-element_type=\"widget\" data-widget_type=\"button.default\">\n\t\t\t\t\t\t\t\t\t\t<a class=\"elementor-button elementor-button-link elementor-size-sm\" href=\"https:\/\/ani-milo.fr\/?page_id=178\">\n\t\t\t\t\t\t<span class=\"elementor-button-content-wrapper\">\n\t\t\t\t\t\t\t\t\t<span class=\"elementor-button-text\">En savoir plus<\/span>\n\t\t\t\t\t<\/span>\n\t\t\t\t\t<\/a>\n\t\t\t\t\t\t\t\t<\/div>\n\t\t\t\t<\/div>\n\t\t<div class=\"elementor-element elementor-element-515eb7e e-con-full e-flex wpr-particle-no wpr-jarallax-no wpr-parallax-no wpr-sticky-section-no e-con e-child\" data-id=\"515eb7e\" data-element_type=\"container\">\n\t\t\t\t<div class=\"elementor-element elementor-element-c1a2095 elementor-widget elementor-widget-image\" data-id=\"c1a2095\" data-element_type=\"widget\" data-widget_type=\"image.default\">\n\t\t\t\t\t\t\t\t\t\t\t\t\t\t\t<img loading=\"lazy\" decoding=\"async\" width=\"1024\" height=\"585\" src=\"https:\/\/ani-milo.fr\/wp-content\/uploads\/2026\/01\/5-1024x585.webp\" class=\"attachment-large size-large wp-image-424\" alt=\"\" srcset=\"https:\/\/ani-milo.fr\/wp-content\/uploads\/2026\/01\/5-1024x585.webp 1024w, https:\/\/ani-milo.fr\/wp-content\/uploads\/2026\/01\/5-300x171.webp 300w, https:\/\/ani-milo.fr\/wp-content\/uploads\/2026\/01\/5-768x439.webp 768w, https:\/\/ani-milo.fr\/wp-content\/uploads\/2026\/01\/5.webp 1050w\" sizes=\"(max-width: 1024px) 100vw, 1024px\" \/>\t\t\t\t\t\t\t\t\t\t\t\t\t\t\t<\/div>\n\t\t\t\t<div class=\"elementor-element elementor-element-67a86df elementor-widget elementor-widget-text-editor\" data-id=\"67a86df\" data-element_type=\"widget\" data-widget_type=\"text-editor.default\">\n\t\t\t\t\t\t\t\t\t<p style=\"text-align: center;\"><span style=\"color: #19605c;\">Dur\u00e9e : 3H<\/span><\/p><p style=\"text-align: center;\"><span style=\"color: #19605c;\">D\u00e9couvrir et\/ou red\u00e9couvrir, ma\u00eetriser et donner un sens \u00e0 la vie de l&rsquo;Enfant.<\/span><\/p>\t\t\t\t\t\t\t\t<\/div>\n\t\t\t\t<div class=\"elementor-element elementor-element-102304d elementor-align-center elementor-widget elementor-widget-button\" data-id=\"102304d\" data-element_type=\"widget\" data-widget_type=\"button.default\">\n\t\t\t\t\t\t\t\t\t\t<a class=\"elementor-button elementor-button-link elementor-size-sm\" href=\"https:\/\/ani-milo.fr\/?page_id=181\">\n\t\t\t\t\t\t<span class=\"elementor-button-content-wrapper\">\n\t\t\t\t\t\t\t\t\t<span class=\"elementor-button-text\">En savoir plus<\/span>\n\t\t\t\t\t<\/span>\n\t\t\t\t\t<\/a>\n\t\t\t\t\t\t\t\t<\/div>\n\t\t\t\t<\/div>\n\t\t<div class=\"elementor-element elementor-element-b9a03d9 e-con-full e-flex wpr-particle-no wpr-jarallax-no wpr-parallax-no wpr-sticky-section-no e-con e-child\" data-id=\"b9a03d9\" data-element_type=\"container\">\n\t\t\t\t<div class=\"elementor-element elementor-element-1de10c7 elementor-widget elementor-widget-image\" data-id=\"1de10c7\" data-element_type=\"widget\" data-widget_type=\"image.default\">\n\t\t\t\t\t\t\t\t\t\t\t\t\t\t\t<img loading=\"lazy\" decoding=\"async\" width=\"1024\" height=\"585\" src=\"https:\/\/ani-milo.fr\/wp-content\/uploads\/2026\/01\/6-1024x585.webp\" class=\"attachment-large size-large wp-image-429\" alt=\"\" srcset=\"https:\/\/ani-milo.fr\/wp-content\/uploads\/2026\/01\/6-1024x585.webp 1024w, https:\/\/ani-milo.fr\/wp-content\/uploads\/2026\/01\/6-300x171.webp 300w, https:\/\/ani-milo.fr\/wp-content\/uploads\/2026\/01\/6-768x439.webp 768w, https:\/\/ani-milo.fr\/wp-content\/uploads\/2026\/01\/6.webp 1050w\" sizes=\"(max-width: 1024px) 100vw, 1024px\" \/>\t\t\t\t\t\t\t\t\t\t\t\t\t\t\t<\/div>\n\t\t\t\t<div class=\"elementor-element elementor-element-a203c70 elementor-widget elementor-widget-text-editor\" data-id=\"a203c70\" data-element_type=\"widget\" data-widget_type=\"text-editor.default\">\n\t\t\t\t\t\t\t\t\t<p style=\"text-align: center;\"><span style=\"color: #19605c;\">Dur\u00e9e : 14H<\/span><\/p><p style=\"text-align: center;\"><span style=\"color: #19605c;\">Tout conna\u00eetre sur les lois et l&rsquo;utilisation des \u00e9crans adapt\u00e9e pour tous les \u00e2ges !<\/span><\/p>\t\t\t\t\t\t\t\t<\/div>\n\t\t\t\t<div class=\"elementor-element elementor-element-7e5fb6f elementor-align-center elementor-widget elementor-widget-button\" data-id=\"7e5fb6f\" data-element_type=\"widget\" data-widget_type=\"button.default\">\n\t\t\t\t\t\t\t\t\t\t<a class=\"elementor-button elementor-button-link elementor-size-sm\" href=\"https:\/\/ani-milo.fr\/?page_id=184\">\n\t\t\t\t\t\t<span class=\"elementor-button-content-wrapper\">\n\t\t\t\t\t\t\t\t\t<span class=\"elementor-button-text\">En savoir plus<\/span>\n\t\t\t\t\t<\/span>\n\t\t\t\t\t<\/a>\n\t\t\t\t\t\t\t\t<\/div>\n\t\t\t\t<\/div>\n\t\t\t\t\t<\/div>\n\t\t\t\t<\/div>\n\t\t\t\t<\/div>\n\t\t","protected":false},"excerpt":{"rendered":"<p>Dur\u00e9e : 10H D\u00e9couvrir, approfondir, astuces et conseils pour trouver un stage pratique, tout pour r\u00e9ussir ! En savoir plus Dur\u00e9e : 7H Partages d&rsquo;exp\u00e9riences et contenu enrichissant concernant l&rsquo;accueil sp\u00e9cifique de l&rsquo;Enfant. En savoir plus Dur\u00e9e : &#8230;H \u00a0 \u00a0 \u00a0 \u00a0 \u00a0 \u00a0 Initiation en pr\u00e9paration\u00a0 \u00a0 \u00a0 \u00a0 \u00a0 \u00a0 \u00a0 \u00a0 \u00a0 \u00a0 \u00a0 \u00a0 \u00a0 \u00a0 \u00a0 \u00a0 \u00a0 \u00a0 \u00a0 \u00a0 \u00a0 \u00a0&#8230;\u00a0 \u00a0\u00a0 \u00a0 \u00a0 \u00a0 \u00a0 \u00a0 \u00a0 \u00a0 \u00a0 \u00a0 \u00a0 \u00a0 \u00a0 \u00a0 \u00a0 \u00a0 \u00a0 \u00a0Disponible prochainement ! En savoir plus Dur\u00e9e : 7H Mettre \u00e0 profit ses connaissances, mettre en avant son savoir-faire, \u00e9laborer son projet de A \u00e0 Z ! En savoir plus Dur\u00e9e : 3H D\u00e9couvrir et\/ou red\u00e9couvrir, ma\u00eetriser et donner un sens \u00e0 la vie de l&rsquo;Enfant. En savoir plus Dur\u00e9e : 14H Tout conna\u00eetre sur les lois et l&rsquo;utilisation des \u00e9crans adapt\u00e9e pour tous les \u00e2ges ! En savoir plus<\/p>\n","protected":false},"author":1,"featured_media":0,"parent":0,"menu_order":0,"comment_status":"closed","ping_status":"closed","template":"","meta":{"footnotes":""},"class_list":["post-162","page","type-page","status-publish","hentry"],"yoast_head":"<!-- This site is optimized with the Yoast SEO plugin v26.7 - https:\/\/yoast.com\/wordpress\/plugins\/seo\/ -->\n<title>Initiations - Ani&#039;Milo<\/title>\n<meta name=\"robots\" content=\"noindex, follow\" \/>\n<meta property=\"og:locale\" content=\"fr_FR\" \/>\n<meta property=\"og:type\" content=\"article\" \/>\n<meta property=\"og:title\" content=\"Initiations - Ani&#039;Milo\" \/>\n<meta property=\"og:description\" content=\"Dur\u00e9e : 10H D\u00e9couvrir, approfondir, astuces et conseils pour trouver un stage pratique, tout pour r\u00e9ussir ! En savoir plus Dur\u00e9e : 7H Partages d&rsquo;exp\u00e9riences et contenu enrichissant concernant l&rsquo;accueil sp\u00e9cifique de l&rsquo;Enfant. En savoir plus Dur\u00e9e : &#8230;H \u00a0 \u00a0 \u00a0 \u00a0 \u00a0 \u00a0 Initiation en pr\u00e9paration\u00a0 \u00a0 \u00a0 \u00a0 \u00a0 \u00a0 \u00a0 \u00a0 \u00a0 \u00a0 \u00a0 \u00a0 \u00a0 \u00a0 \u00a0 \u00a0 \u00a0 \u00a0 \u00a0 \u00a0 \u00a0 \u00a0&#8230;\u00a0 \u00a0\u00a0 \u00a0 \u00a0 \u00a0 \u00a0 \u00a0 \u00a0 \u00a0 \u00a0 \u00a0 \u00a0 \u00a0 \u00a0 \u00a0 \u00a0 \u00a0 \u00a0 \u00a0Disponible prochainement ! En savoir plus Dur\u00e9e : 7H Mettre \u00e0 profit ses connaissances, mettre en avant son savoir-faire, \u00e9laborer son projet de A \u00e0 Z ! En savoir plus Dur\u00e9e : 3H D\u00e9couvrir et\/ou red\u00e9couvrir, ma\u00eetriser et donner un sens \u00e0 la vie de l&rsquo;Enfant. En savoir plus Dur\u00e9e : 14H Tout conna\u00eetre sur les lois et l&rsquo;utilisation des \u00e9crans adapt\u00e9e pour tous les \u00e2ges ! En savoir plus\" \/>\n<meta property=\"og:url\" content=\"https:\/\/ani-milo.fr\/?page_id=162\" \/>\n<meta property=\"og:site_name\" content=\"Ani&#039;Milo\" \/>\n<meta property=\"article:publisher\" content=\"https:\/\/www.facebook.com\/profile.php?id=61584474655352\" \/>\n<meta property=\"article:modified_time\" content=\"2026-01-21T22:45:11+00:00\" \/>\n<meta property=\"og:image\" content=\"http:\/\/ani-milo.fr\/wp-content\/uploads\/2026\/01\/1-1-1024x585.png\" \/>\n<meta name=\"twitter:card\" content=\"summary_large_image\" \/>\n<meta name=\"twitter:label1\" content=\"Dur\u00e9e de lecture estim\u00e9e\" \/>\n\t<meta name=\"twitter:data1\" content=\"1 minute\" \/>\n<script type=\"application\/ld+json\" class=\"yoast-schema-graph\">{\"@context\":\"https:\/\/schema.org\",\"@graph\":[{\"@type\":\"WebPage\",\"@id\":\"https:\/\/ani-milo.fr\/?page_id=162\",\"url\":\"https:\/\/ani-milo.fr\/?page_id=162\",\"name\":\"Initiations - Ani&#039;Milo\",\"isPartOf\":{\"@id\":\"https:\/\/ani-milo.fr\/#website\"},\"primaryImageOfPage\":{\"@id\":\"https:\/\/ani-milo.fr\/?page_id=162#primaryimage\"},\"image\":{\"@id\":\"https:\/\/ani-milo.fr\/?page_id=162#primaryimage\"},\"thumbnailUrl\":\"http:\/\/ani-milo.fr\/wp-content\/uploads\/2026\/01\/1-1-1024x585.png\",\"datePublished\":\"2025-11-29T14:18:46+00:00\",\"dateModified\":\"2026-01-21T22:45:11+00:00\",\"breadcrumb\":{\"@id\":\"https:\/\/ani-milo.fr\/?page_id=162#breadcrumb\"},\"inLanguage\":\"fr-FR\",\"potentialAction\":[{\"@type\":\"ReadAction\",\"target\":[\"https:\/\/ani-milo.fr\/?page_id=162\"]}]},{\"@type\":\"ImageObject\",\"inLanguage\":\"fr-FR\",\"@id\":\"https:\/\/ani-milo.fr\/?page_id=162#primaryimage\",\"url\":\"https:\/\/ani-milo.fr\/wp-content\/uploads\/2026\/01\/1-1.png\",\"contentUrl\":\"https:\/\/ani-milo.fr\/wp-content\/uploads\/2026\/01\/1-1.png\",\"width\":1050,\"height\":600},{\"@type\":\"BreadcrumbList\",\"@id\":\"https:\/\/ani-milo.fr\/?page_id=162#breadcrumb\",\"itemListElement\":[{\"@type\":\"ListItem\",\"position\":1,\"name\":\"Accueil\",\"item\":\"https:\/\/ani-milo.fr\/\"},{\"@type\":\"ListItem\",\"position\":2,\"name\":\"Initiations\"}]},{\"@type\":\"WebSite\",\"@id\":\"https:\/\/ani-milo.fr\/#website\",\"url\":\"https:\/\/ani-milo.fr\/\",\"name\":\"Ani'Milo\",\"description\":\"Animez vos vies, l\u2019animation avec passion !\",\"publisher\":{\"@id\":\"https:\/\/ani-milo.fr\/#organization\"},\"potentialAction\":[{\"@type\":\"SearchAction\",\"target\":{\"@type\":\"EntryPoint\",\"urlTemplate\":\"https:\/\/ani-milo.fr\/?s={search_term_string}\"},\"query-input\":{\"@type\":\"PropertyValueSpecification\",\"valueRequired\":true,\"valueName\":\"search_term_string\"}}],\"inLanguage\":\"fr-FR\"},{\"@type\":\"Organization\",\"@id\":\"https:\/\/ani-milo.fr\/#organization\",\"name\":\"Ani'Milo\",\"url\":\"https:\/\/ani-milo.fr\/\",\"logo\":{\"@type\":\"ImageObject\",\"inLanguage\":\"fr-FR\",\"@id\":\"https:\/\/ani-milo.fr\/#\/schema\/logo\/image\/\",\"url\":\"https:\/\/ani-milo.fr\/wp-content\/uploads\/2025\/11\/WhatsApp-Image-2025-11-27-a-23.23.31_f89f2f15-1.jpg\",\"contentUrl\":\"https:\/\/ani-milo.fr\/wp-content\/uploads\/2025\/11\/WhatsApp-Image-2025-11-27-a-23.23.31_f89f2f15-1.jpg\",\"width\":500,\"height\":500,\"caption\":\"Ani'Milo\"},\"image\":{\"@id\":\"https:\/\/ani-milo.fr\/#\/schema\/logo\/image\/\"},\"sameAs\":[\"https:\/\/www.facebook.com\/profile.php?id=61584474655352\"]}]}<\/script>\n<!-- \/ Yoast SEO plugin. -->","yoast_head_json":{"title":"Initiations - Ani&#039;Milo","robots":{"index":"noindex","follow":"follow"},"og_locale":"fr_FR","og_type":"article","og_title":"Initiations - Ani&#039;Milo","og_description":"Dur\u00e9e : 10H D\u00e9couvrir, approfondir, astuces et conseils pour trouver un stage pratique, tout pour r\u00e9ussir ! En savoir plus Dur\u00e9e : 7H Partages d&rsquo;exp\u00e9riences et contenu enrichissant concernant l&rsquo;accueil sp\u00e9cifique de l&rsquo;Enfant. En savoir plus Dur\u00e9e : &#8230;H \u00a0 \u00a0 \u00a0 \u00a0 \u00a0 \u00a0 Initiation en pr\u00e9paration\u00a0 \u00a0 \u00a0 \u00a0 \u00a0 \u00a0 \u00a0 \u00a0 \u00a0 \u00a0 \u00a0 \u00a0 \u00a0 \u00a0 \u00a0 \u00a0 \u00a0 \u00a0 \u00a0 \u00a0 \u00a0 \u00a0&#8230;\u00a0 \u00a0\u00a0 \u00a0 \u00a0 \u00a0 \u00a0 \u00a0 \u00a0 \u00a0 \u00a0 \u00a0 \u00a0 \u00a0 \u00a0 \u00a0 \u00a0 \u00a0 \u00a0 \u00a0Disponible prochainement ! En savoir plus Dur\u00e9e : 7H Mettre \u00e0 profit ses connaissances, mettre en avant son savoir-faire, \u00e9laborer son projet de A \u00e0 Z ! En savoir plus Dur\u00e9e : 3H D\u00e9couvrir et\/ou red\u00e9couvrir, ma\u00eetriser et donner un sens \u00e0 la vie de l&rsquo;Enfant. En savoir plus Dur\u00e9e : 14H Tout conna\u00eetre sur les lois et l&rsquo;utilisation des \u00e9crans adapt\u00e9e pour tous les \u00e2ges ! En savoir plus","og_url":"https:\/\/ani-milo.fr\/?page_id=162","og_site_name":"Ani&#039;Milo","article_publisher":"https:\/\/www.facebook.com\/profile.php?id=61584474655352","article_modified_time":"2026-01-21T22:45:11+00:00","og_image":[{"url":"http:\/\/ani-milo.fr\/wp-content\/uploads\/2026\/01\/1-1-1024x585.png","type":"","width":"","height":""}],"twitter_card":"summary_large_image","twitter_misc":{"Dur\u00e9e de lecture estim\u00e9e":"1 minute"},"schema":{"@context":"https:\/\/schema.org","@graph":[{"@type":"WebPage","@id":"https:\/\/ani-milo.fr\/?page_id=162","url":"https:\/\/ani-milo.fr\/?page_id=162","name":"Initiations - Ani&#039;Milo","isPartOf":{"@id":"https:\/\/ani-milo.fr\/#website"},"primaryImageOfPage":{"@id":"https:\/\/ani-milo.fr\/?page_id=162#primaryimage"},"image":{"@id":"https:\/\/ani-milo.fr\/?page_id=162#primaryimage"},"thumbnailUrl":"http:\/\/ani-milo.fr\/wp-content\/uploads\/2026\/01\/1-1-1024x585.png","datePublished":"2025-11-29T14:18:46+00:00","dateModified":"2026-01-21T22:45:11+00:00","breadcrumb":{"@id":"https:\/\/ani-milo.fr\/?page_id=162#breadcrumb"},"inLanguage":"fr-FR","potentialAction":[{"@type":"ReadAction","target":["https:\/\/ani-milo.fr\/?page_id=162"]}]},{"@type":"ImageObject","inLanguage":"fr-FR","@id":"https:\/\/ani-milo.fr\/?page_id=162#primaryimage","url":"https:\/\/ani-milo.fr\/wp-content\/uploads\/2026\/01\/1-1.png","contentUrl":"https:\/\/ani-milo.fr\/wp-content\/uploads\/2026\/01\/1-1.png","width":1050,"height":600},{"@type":"BreadcrumbList","@id":"https:\/\/ani-milo.fr\/?page_id=162#breadcrumb","itemListElement":[{"@type":"ListItem","position":1,"name":"Accueil","item":"https:\/\/ani-milo.fr\/"},{"@type":"ListItem","position":2,"name":"Initiations"}]},{"@type":"WebSite","@id":"https:\/\/ani-milo.fr\/#website","url":"https:\/\/ani-milo.fr\/","name":"Ani'Milo","description":"Animez vos vies, l\u2019animation avec passion !","publisher":{"@id":"https:\/\/ani-milo.fr\/#organization"},"potentialAction":[{"@type":"SearchAction","target":{"@type":"EntryPoint","urlTemplate":"https:\/\/ani-milo.fr\/?s={search_term_string}"},"query-input":{"@type":"PropertyValueSpecification","valueRequired":true,"valueName":"search_term_string"}}],"inLanguage":"fr-FR"},{"@type":"Organization","@id":"https:\/\/ani-milo.fr\/#organization","name":"Ani'Milo","url":"https:\/\/ani-milo.fr\/","logo":{"@type":"ImageObject","inLanguage":"fr-FR","@id":"https:\/\/ani-milo.fr\/#\/schema\/logo\/image\/","url":"https:\/\/ani-milo.fr\/wp-content\/uploads\/2025\/11\/WhatsApp-Image-2025-11-27-a-23.23.31_f89f2f15-1.jpg","contentUrl":"https:\/\/ani-milo.fr\/wp-content\/uploads\/2025\/11\/WhatsApp-Image-2025-11-27-a-23.23.31_f89f2f15-1.jpg","width":500,"height":500,"caption":"Ani'Milo"},"image":{"@id":"https:\/\/ani-milo.fr\/#\/schema\/logo\/image\/"},"sameAs":["https:\/\/www.facebook.com\/profile.php?id=61584474655352"]}]}},"_links":{"self":[{"href":"https:\/\/ani-milo.fr\/index.php?rest_route=\/wp\/v2\/pages\/162","targetHints":{"allow":["GET"]}}],"collection":[{"href":"https:\/\/ani-milo.fr\/index.php?rest_route=\/wp\/v2\/pages"}],"about":[{"href":"https:\/\/ani-milo.fr\/index.php?rest_route=\/wp\/v2\/types\/page"}],"author":[{"embeddable":true,"href":"https:\/\/ani-milo.fr\/index.php?rest_route=\/wp\/v2\/users\/1"}],"replies":[{"embeddable":true,"href":"https:\/\/ani-milo.fr\/index.php?rest_route=%2Fwp%2Fv2%2Fcomments&post=162"}],"version-history":[{"count":28,"href":"https:\/\/ani-milo.fr\/index.php?rest_route=\/wp\/v2\/pages\/162\/revisions"}],"predecessor-version":[{"id":465,"href":"https:\/\/ani-milo.fr\/index.php?rest_route=\/wp\/v2\/pages\/162\/revisions\/465"}],"wp:attachment":[{"href":"https:\/\/ani-milo.fr\/index.php?rest_route=%2Fwp%2Fv2%2Fmedia&parent=162"}],"curies":[{"name":"wp","href":"https:\/\/api.w.org\/{rel}","templated":true}]}}